{"id":178,"date":"2014-02-06T09:15:03","date_gmt":"2014-02-06T08:15:03","guid":{"rendered":"http:\/\/ck.gminakolno.pl\/?page_id=178"},"modified":"2016-11-07T09:22:35","modified_gmt":"2016-11-07T08:22:35","slug":"galerie","status":"publish","type":"page","link":"http:\/\/ck.gminakolno.pl\/?page_id=178","title":{"rendered":"Galerie"},"content":{"rendered":"<p><a href=\"http:\/\/ck.gminakolno.pl\/?page_id=544\">11 Listopada 2012<\/a><\/p>\n<p><a href=\"http:\/\/ck.gminakolno.pl\/?page_id=474\">Akwapark w Miko\u0142ajkach<\/a><\/p>\n<p><a href=\"http:\/\/ck.gminakolno.pl\/?page_id=516\">Dzie\u0144 Kobiet &amp;#8211; Zabiele 2014<\/a><\/p>\n<p><a href=\"http:\/\/ck.gminakolno.pl\/?page_id=814\">Kiszenie kapusty &amp;#8211; Zabiele 2012<\/a><\/p>\n<p><a href=\"http:\/\/ck.gminakolno.pl\/?page_id=440\">Konkurs foto Gmina zim\u0105 &amp;#8211; doro\u015bli<\/a><\/p>\n<p><a href=\"http:\/\/ck.gminakolno.pl\/?page_id=438\">Konkurs foto Gmina zim\u0105 &amp;#8211; dzieci<\/a><\/p>\n<p><a href=\"http:\/\/ck.gminakolno.pl\/?page_id=1195\">Konkurs kol\u0119d w Kolnie 2015 r.<\/a><\/p>\n<p><a href=\"http:\/\/ck.gminakolno.pl\/?page_id=565\">Mini festyn w Wincencie 2013<\/a><\/p>\n<p><a href=\"http:\/\/ck.gminakolno.pl\/?page_id=1190\">Parada w \u0141om\u017cy 2014<\/a><\/p>\n<p><a href=\"http:\/\/ck.gminakolno.pl\/?page_id=1188\">Seniorzy &amp;#8211; eksploatorzy<\/a><\/p>\n<p><a href=\"http:\/\/ck.gminakolno.pl\/?page_id=331\">Wianki w Ko\u017ale 2013<\/a><\/p>\n<p><a href=\"http:\/\/ck.gminakolno.pl\/?page_id=659\">Wyprawa do Go\u0142dapi<\/a><\/p>\n<p><a href=\"http:\/\/ck.gminakolno.pl\/?page_id=375\">Zabielanki z KOK 2013<\/a><\/p>\n","protected":false},"excerpt":{"rendered":"<p>11 Listopada 2012 Akwapark w Miko\u0142ajkach Dzie\u0144 Kobiet &amp;#8211; Zabiele 2014 Kiszenie kapusty &amp;#8211; Zabiele 2012 Konkurs foto Gmina zim\u0105 &amp;#8211; doro\u015bli Konkurs foto Gmina zim\u0105 &amp;#8211; dzieci Konkurs kol\u0119d w Kolnie 2015 r. Mini &hellip; <\/p>\n","protected":false},"author":1,"featured_media":0,"parent":0,"menu_order":2,"comment_status":"closed","ping_status":"closed","template":"","meta":{"jetpack_post_was_ever_published":false,"footnotes":""},"class_list":["post-178","page","type-page","status-publish","hentry"],"jetpack_sharing_enabled":true,"jetpack_shortlink":"https:\/\/wp.me\/P3l35P-2S","jetpack-related-posts":[],"_links":{"self":[{"href":"http:\/\/ck.gminakolno.pl\/index.php?rest_route=\/wp\/v2\/pages\/178","targetHints":{"allow":["GET"]}}],"collection":[{"href":"http:\/\/ck.gminakolno.pl\/index.php?rest_route=\/wp\/v2\/pages"}],"about":[{"href":"http:\/\/ck.gminakolno.pl\/index.php?rest_route=\/wp\/v2\/types\/page"}],"author":[{"embeddable":true,"href":"http:\/\/ck.gminakolno.pl\/index.php?rest_route=\/wp\/v2\/users\/1"}],"replies":[{"embeddable":true,"href":"http:\/\/ck.gminakolno.pl\/index.php?rest_route=%2Fwp%2Fv2%2Fcomments&post=178"}],"version-history":[{"count":5,"href":"http:\/\/ck.gminakolno.pl\/index.php?rest_route=\/wp\/v2\/pages\/178\/revisions"}],"predecessor-version":[{"id":1876,"href":"http:\/\/ck.gminakolno.pl\/index.php?rest_route=\/wp\/v2\/pages\/178\/revisions\/1876"}],"wp:attachment":[{"href":"http:\/\/ck.gminakolno.pl\/index.php?rest_route=%2Fwp%2Fv2%2Fmedia&parent=178"}],"curies":[{"name":"wp","href":"https:\/\/api.w.org\/{rel}","templated":true}]}}