{"id":2807,"date":"2019-05-08T18:27:26","date_gmt":"2019-05-08T16:27:26","guid":{"rendered":"http:\/\/ck.gminakolno.pl\/?page_id=2807"},"modified":"2019-09-12T00:02:24","modified_gmt":"2019-09-11T22:02:24","slug":"2807-2","status":"publish","type":"page","link":"http:\/\/ck.gminakolno.pl\/?page_id=2807","title":{"rendered":"Aktywnie \u2013 kulturalnie \u2013 tw\u00f3rczo"},"content":{"rendered":"\n<div class=\"wp-block-themeisle-blocks-advanced-columns has-1-columns has-desktop-equal-layout has-tablet-equal-layout has-mobile-equal-layout has-default-gap has-vertical-unset\" id=\"wp-block-themeisle-blocks-advanced-columns-fa596d73\" style=\"border-width:0px;border-style:solid;border-color:#000000;border-radius:0px;justify-content:unset\"><div class=\"wp-themeisle-block-overlay\" style=\"opacity:0.5;mix-blend-mode:normal\"><\/div><div class=\"innerblocks-wrap\">\n<div class=\"wp-block-themeisle-blocks-advanced-column\" id=\"wp-block-themeisle-blocks-advanced-column-b07523a1\" style=\"border-width:0px;border-style:solid;border-color:#000000;border-radius:0px\">\n<p><span>Na trzech przystankach autobusowych w Ko\u017ale, Czerwonem i Wincencie pojawi\u0142y si\u0119 kolorowe murale i a\u017c trudno uwierzy\u0107, \u017ce jeszcze przed chwil\u0105 ta przestrze\u0144 wygl\u0105da\u0142a zupe\u0142nie inaczej. Tw\u00f3rcza przemiana tych miejsc to efekt aktywno\u015bci uczestnik\u00f3w projektu pt. \u201eAktywnie \u2013 kulturalnie \u2013 tw\u00f3rczo\u201d, kt\u00f3ry realizuje Centrum Kultury Gminy Kolno.\u00a0 Efekty s\u0105 tym lepsze im bardziej w dzia\u0142anie zaanga\u017cowa\u0142a si\u0119 lokalna spo\u0142eczno\u015b\u0107, tak jak np. w Czerwonem za co\u00a0 CKGK dzi\u0119kuje panom: Grzegorz Okurowski, Bernard Piwowarski i Wojciech Jermacz. Kolorowa wycinanka pojawi\u0142a si\u0119 te\u017c na \u015bcianie budynku w Borkowie.Zanim jednak uczestnicy projektu wyruszyli w teren przeszli warsztaty wycinanki oraz warsztaty projektowania i malowania muralu. Okaza\u0142o si\u0119, \u017ce przeniesienie wzoru np. na \u015bcian\u0119 przystanku wcale nie jest takie proste, ale dzi\u015b uczestnicy projektu\u00a0 ju\u017c wiedz\u0105, jak to zrobi\u0107.\u00a0 Murale to nie jedyny efekt realizacji projektu, na kt\u00f3ry CKGK zdoby\u0142o dofinansowanie z \u00a0Ministerstwa Kultury i Dziedzictwa Narodowego w ramach tegorocznej edycji programu Edukacja kulturalna. Grupa uczestnicz\u0105ca w warsztatach teatralnych przygotowa\u0142a spektakl w oparciu o bajk\u0119\u00a0 o Janku z z Kolna, kt\u00f3ry promowa\u0107 b\u0119dzie w pi\u0119ciu o\u015brodkach kultury w wojew\u00f3dztwie podlaskim.<\/span><\/p>\n<p>AS<\/p>\n<\/div>\n<\/div><\/div>\n\n\n\n<p>Zako\u0144czy\u0142y si\u0119 ju\u017c warsztaty wycinanki kurpiowskiej, trwaj\u0105 warsztaty teatralne i w\u0142a\u015bnie ruszy\u0142y, po raz pierwszy w gminie Kolno, warsztaty dotycz\u0105ce wykonywania murali \u2013 to wszystko w ramach projektu \u00a0pt. \u201eAktywnie \u2013 kulturalnie \u2013 tw\u00f3rczo\u201d realizowanego przez Centrum Kultury Gminy Kolno w Ko\u017ale. Efektem b\u0119d\u0105 m.in. murale w Czerwonem, Ko\u017ale, Wincencie w Borkowie. Dofinansowanie na realizacj\u0119 tego projektu CKGK pozyska\u0142o z \u00a0Ministerstwa Kultury i Dziedzictwa Narodowego w ramach tegorocznej edycji programu Edukacja kulturalna. \u00a0<\/p>\n<p>Za\u0142o\u017ceniem projektu by\u0142o stworzenie przestrzeni do wymiany wiedzy i do\u015bwiadcze\u0144 mi\u0119dzypokoleniowych w obszarze tradycji ludowych. Dlatego CKGK do realizacji warsztat\u00f3w z wycinanki zaprosi\u0142o znanych tw\u00f3rc\u00f3w: Ann\u0119 Ceberek z gminy \u0141yse i Stanis\u0142awa Ropiaka z gminy Myszyniec. Zainteresowani mogli pozna\u0107 tajniki tworzenia tradycyjnej wycinanki kurpiowskiej, ale te\u017c jej wsp\u00f3\u0142czesnych wariant\u00f3w.<\/p>\n<p>Kolejnym elementem projektu s\u0105 warsztaty teatralne \u00a0w ramach kt\u00f3rych grupa m\u0142odzie\u017cy pod okiem instruktora Kazimierza Kotra pracuje nad adaptacj\u0105 bajki o \u201eJanku z Kolna\u201d. W planach jest przedstawienie bajki i promocja kultury ludowej w pi\u0119ciu o\u015brodkach kultury z wojew\u00f3dztwa podlaskiego.<\/p>\n<p>Efektem warsztat\u00f3w z przygotowywania murali b\u0119d\u0105 atrakcyjne malowane ozdoby na przystankach i budynku usytuowane w czterech miejscowo\u015bciach gminy Kolno przy trasie na Mazury.<\/p>\n<p>Popularyzacji folkloru s\u0142u\u017cy\u0107 te\u017c maj\u0105 zaplanowane w ramach projektu audycje radiowe.<\/p>\n<p>Dofinansowanie na realizacj\u0119 projektu wynosi 30 tys. z\u0142. \u00a0<\/p>\n\n\n\n<p><a href=\"http:\/\/ck.gminakolno.pl\/?attachment_id=2809\" rel=\"attachment wp-att-2809\"><img data-recalc-dims=\"1\" loading=\"lazy\" decoding=\"async\" data-attachment-id=\"2809\" data-permalink=\"http:\/\/ck.gminakolno.pl\/?attachment_id=2809\" data-orig-file=\"https:\/\/i0.wp.com\/ck.gminakolno.pl\/wp-content\/uploads\/2019\/06\/plakat_zapisy_teatr_ma.jpg?fit=595%2C421\" data-orig-size=\"595,421\" data-comments-opened=\"0\" data-image-meta=\"{&quot;aperture&quot;:&quot;0&quot;,&quot;credit&quot;:&quot;&quot;,&quot;camera&quot;:&quot;&quot;,&quot;caption&quot;:&quot;&quot;,&quot;created_timestamp&quot;:&quot;0&quot;,&quot;copyright&quot;:&quot;&quot;,&quot;focal_length&quot;:&quot;0&quot;,&quot;iso&quot;:&quot;0&quot;,&quot;shutter_speed&quot;:&quot;0&quot;,&quot;title&quot;:&quot;&quot;,&quot;orientation&quot;:&quot;1&quot;}\" data-image-title=\"plakat_zapisy_teatr_ma\" data-image-description=\"\" data-image-caption=\"\" data-medium-file=\"https:\/\/i0.wp.com\/ck.gminakolno.pl\/wp-content\/uploads\/2019\/06\/plakat_zapisy_teatr_ma.jpg?fit=300%2C212\" data-large-file=\"https:\/\/i0.wp.com\/ck.gminakolno.pl\/wp-content\/uploads\/2019\/06\/plakat_zapisy_teatr_ma.jpg?fit=595%2C421\" src=\"https:\/\/i0.wp.com\/ck.gminakolno.pl\/wp-content\/uploads\/2019\/06\/plakat_zapisy_teatr_ma.jpg?resize=300%2C212\" alt=\"\" width=\"300\" height=\"212\" class=\"aligncenter wp-image-2809 size-medium\" srcset=\"https:\/\/i0.wp.com\/ck.gminakolno.pl\/wp-content\/uploads\/2019\/06\/plakat_zapisy_teatr_ma.jpg?resize=300%2C212 300w, https:\/\/i0.wp.com\/ck.gminakolno.pl\/wp-content\/uploads\/2019\/06\/plakat_zapisy_teatr_ma.jpg?w=595 595w\" sizes=\"auto, (max-width: 300px) 100vw, 300px\" \/><\/a><a href=\"http:\/\/ck.gminakolno.pl\/?attachment_id=2808\" rel=\"attachment wp-att-2808\"><img data-recalc-dims=\"1\" loading=\"lazy\" decoding=\"async\" data-attachment-id=\"2808\" data-permalink=\"http:\/\/ck.gminakolno.pl\/?attachment_id=2808\" data-orig-file=\"https:\/\/i0.wp.com\/ck.gminakolno.pl\/wp-content\/uploads\/2019\/06\/plakat_zapisy_mural_ma.jpg?fit=595%2C421\" data-orig-size=\"595,421\" data-comments-opened=\"0\" data-image-meta=\"{&quot;aperture&quot;:&quot;0&quot;,&quot;credit&quot;:&quot;&quot;,&quot;camera&quot;:&quot;&quot;,&quot;caption&quot;:&quot;&quot;,&quot;created_timestamp&quot;:&quot;0&quot;,&quot;copyright&quot;:&quot;&quot;,&quot;focal_length&quot;:&quot;0&quot;,&quot;iso&quot;:&quot;0&quot;,&quot;shutter_speed&quot;:&quot;0&quot;,&quot;title&quot;:&quot;&quot;,&quot;orientation&quot;:&quot;1&quot;}\" data-image-title=\"plakat_zapisy_mural_ma\" data-image-description=\"\" data-image-caption=\"\" data-medium-file=\"https:\/\/i0.wp.com\/ck.gminakolno.pl\/wp-content\/uploads\/2019\/06\/plakat_zapisy_mural_ma.jpg?fit=300%2C212\" data-large-file=\"https:\/\/i0.wp.com\/ck.gminakolno.pl\/wp-content\/uploads\/2019\/06\/plakat_zapisy_mural_ma.jpg?fit=595%2C421\" src=\"https:\/\/i0.wp.com\/ck.gminakolno.pl\/wp-content\/uploads\/2019\/06\/plakat_zapisy_mural_ma.jpg?resize=300%2C212\" alt=\"\" width=\"300\" height=\"212\" class=\"aligncenter wp-image-2808 size-medium\" srcset=\"https:\/\/i0.wp.com\/ck.gminakolno.pl\/wp-content\/uploads\/2019\/06\/plakat_zapisy_mural_ma.jpg?resize=300%2C212 300w, https:\/\/i0.wp.com\/ck.gminakolno.pl\/wp-content\/uploads\/2019\/06\/plakat_zapisy_mural_ma.jpg?w=595 595w\" sizes=\"auto, (max-width: 300px) 100vw, 300px\" \/><\/a><a href=\"http:\/\/ck.gminakolno.pl\/?attachment_id=2810\" rel=\"attachment wp-att-2810\"><img data-recalc-dims=\"1\" loading=\"lazy\" decoding=\"async\" data-attachment-id=\"2810\" data-permalink=\"http:\/\/ck.gminakolno.pl\/?attachment_id=2810\" data-orig-file=\"https:\/\/i0.wp.com\/ck.gminakolno.pl\/wp-content\/uploads\/2019\/06\/plakat_zapisy_wycinanak_ma.jpg?fit=595%2C421\" data-orig-size=\"595,421\" data-comments-opened=\"0\" data-image-meta=\"{&quot;aperture&quot;:&quot;0&quot;,&quot;credit&quot;:&quot;&quot;,&quot;camera&quot;:&quot;&quot;,&quot;caption&quot;:&quot;&quot;,&quot;created_timestamp&quot;:&quot;0&quot;,&quot;copyright&quot;:&quot;&quot;,&quot;focal_length&quot;:&quot;0&quot;,&quot;iso&quot;:&quot;0&quot;,&quot;shutter_speed&quot;:&quot;0&quot;,&quot;title&quot;:&quot;&quot;,&quot;orientation&quot;:&quot;1&quot;}\" data-image-title=\"plakat_zapisy_wycinanak_ma\" data-image-description=\"\" data-image-caption=\"\" data-medium-file=\"https:\/\/i0.wp.com\/ck.gminakolno.pl\/wp-content\/uploads\/2019\/06\/plakat_zapisy_wycinanak_ma.jpg?fit=300%2C212\" data-large-file=\"https:\/\/i0.wp.com\/ck.gminakolno.pl\/wp-content\/uploads\/2019\/06\/plakat_zapisy_wycinanak_ma.jpg?fit=595%2C421\" src=\"https:\/\/i0.wp.com\/ck.gminakolno.pl\/wp-content\/uploads\/2019\/06\/plakat_zapisy_wycinanak_ma.jpg?resize=300%2C212\" alt=\"\" width=\"300\" height=\"212\" class=\"aligncenter size-medium wp-image-2810\" scale=\"0\" srcset=\"https:\/\/i0.wp.com\/ck.gminakolno.pl\/wp-content\/uploads\/2019\/06\/plakat_zapisy_wycinanak_ma.jpg?resize=300%2C212 300w, https:\/\/i0.wp.com\/ck.gminakolno.pl\/wp-content\/uploads\/2019\/06\/plakat_zapisy_wycinanak_ma.jpg?w=595 595w\" sizes=\"auto, (max-width: 300px) 100vw, 300px\" \/><\/a><\/p>\n","protected":false},"excerpt":{"rendered":"<p>Zako\u0144czy\u0142y si\u0119 ju\u017c warsztaty wycinanki kurpiowskiej, trwaj\u0105 warsztaty teatralne i w\u0142a\u015bnie ruszy\u0142y, po raz pierwszy w gminie Kolno, warsztaty dotycz\u0105ce wykonywania murali \u2013 to wszystko w ramach projektu \u00a0pt. \u201eAktywnie \u2013 kulturalnie \u2013 tw\u00f3rczo\u201d realizowanego &hellip; <\/p>\n","protected":false},"author":1,"featured_media":2900,"parent":2040,"menu_order":0,"comment_status":"closed","ping_status":"closed","template":"","meta":{"jetpack_post_was_ever_published":false,"footnotes":""},"class_list":["post-2807","page","type-page","status-publish","has-post-thumbnail","hentry"],"jetpack_sharing_enabled":true,"jetpack_shortlink":"https:\/\/wp.me\/P3l35P-Jh","jetpack-related-posts":[],"_links":{"self":[{"href":"http:\/\/ck.gminakolno.pl\/index.php?rest_route=\/wp\/v2\/pages\/2807","targetHints":{"allow":["GET"]}}],"collection":[{"href":"http:\/\/ck.gminakolno.pl\/index.php?rest_route=\/wp\/v2\/pages"}],"about":[{"href":"http:\/\/ck.gminakolno.pl\/index.php?rest_route=\/wp\/v2\/types\/page"}],"author":[{"embeddable":true,"href":"http:\/\/ck.gminakolno.pl\/index.php?rest_route=\/wp\/v2\/users\/1"}],"replies":[{"embeddable":true,"href":"http:\/\/ck.gminakolno.pl\/index.php?rest_route=%2Fwp%2Fv2%2Fcomments&post=2807"}],"version-history":[{"count":4,"href":"http:\/\/ck.gminakolno.pl\/index.php?rest_route=\/wp\/v2\/pages\/2807\/revisions"}],"predecessor-version":[{"id":3022,"href":"http:\/\/ck.gminakolno.pl\/index.php?rest_route=\/wp\/v2\/pages\/2807\/revisions\/3022"}],"up":[{"embeddable":true,"href":"http:\/\/ck.gminakolno.pl\/index.php?rest_route=\/wp\/v2\/pages\/2040"}],"wp:featuredmedia":[{"embeddable":true,"href":"http:\/\/ck.gminakolno.pl\/index.php?rest_route=\/wp\/v2\/media\/2900"}],"wp:attachment":[{"href":"http:\/\/ck.gminakolno.pl\/index.php?rest_route=%2Fwp%2Fv2%2Fmedia&parent=2807"}],"curies":[{"name":"wp","href":"https:\/\/api.w.org\/{rel}","templated":true}]}}