{"id":3554,"date":"2021-07-30T08:30:40","date_gmt":"2021-07-30T06:30:40","guid":{"rendered":"http:\/\/ck.gminakolno.pl\/?page_id=3554"},"modified":"2021-08-05T22:33:45","modified_gmt":"2021-08-05T20:33:45","slug":"zamowienia-publiczne-2021","status":"publish","type":"page","link":"http:\/\/ck.gminakolno.pl\/?page_id=3554","title":{"rendered":"Zam\u00f3wienia publiczne 2021"},"content":{"rendered":"\n<div class=\"wp-block-themeisle-blocks-advanced-columns has-undefined-columns has-desktop-undefined-layout has-tablet-equal-layout has-mobile-equal-layout has-default-gap has-vertical-unset\" id=\"wp-block-themeisle-blocks-advanced-columns-c60fac66\"><div class=\"wp-block-themeisle-blocks-advanced-columns-overlay\"><\/div><div class=\"innerblocks-wrap\"><\/div><\/div>\n\n\n\n<h3><u>Rozbudowa i przebudowa budynku na potrzeby edukacji kulturalnej\u00a0<\/u><u>w Niksowi\u017anie<\/u><\/h3>\n<p>Specyfikacja Warunk\u00f3w Zam\u00f3wienia wraz z za\u0142\u0105cznikami znajduje si\u0119 na stronie prowadzonego post\u0119powania na miniPortalu pod adresem:<\/p>\n<p><a href=\"https:\/\/miniportal.uzp.gov.pl\/Postepowania\/605f8f4c-fa7d-4a37-9d0b-adedaf5530f9\"><u>https:\/\/miniportal.uzp.gov.pl\/Postepowania\/605f8f4c-fa7d-4a37-9d0b-adedaf5530f9<\/u><\/a><\/p>\n<p>Identyfikator post\u0119powania<\/p>\n<p><strong>605f8f4c-fa7d-4a37-9d0b-adedaf5530f9<\/strong><\/p>\n","protected":false},"excerpt":{"rendered":"<p>Rozbudowa i przebudowa budynku na potrzeby edukacji kulturalnej\u00a0w Niksowi\u017anie Specyfikacja Warunk\u00f3w Zam\u00f3wienia wraz z za\u0142\u0105cznikami znajduje si\u0119 na stronie prowadzonego post\u0119powania na miniPortalu pod adresem: https:\/\/miniportal.uzp.gov.pl\/Postepowania\/605f8f4c-fa7d-4a37-9d0b-adedaf5530f9 Identyfikator post\u0119powania 605f8f4c-fa7d-4a37-9d0b-adedaf5530f9<\/p>\n","protected":false},"author":1,"featured_media":0,"parent":3549,"menu_order":1,"comment_status":"closed","ping_status":"closed","template":"","meta":{"jetpack_post_was_ever_published":false,"footnotes":""},"class_list":["post-3554","page","type-page","status-publish","hentry"],"jetpack_sharing_enabled":true,"jetpack_shortlink":"https:\/\/wp.me\/P3l35P-Vk","jetpack-related-posts":[],"_links":{"self":[{"href":"http:\/\/ck.gminakolno.pl\/index.php?rest_route=\/wp\/v2\/pages\/3554","targetHints":{"allow":["GET"]}}],"collection":[{"href":"http:\/\/ck.gminakolno.pl\/index.php?rest_route=\/wp\/v2\/pages"}],"about":[{"href":"http:\/\/ck.gminakolno.pl\/index.php?rest_route=\/wp\/v2\/types\/page"}],"author":[{"embeddable":true,"href":"http:\/\/ck.gminakolno.pl\/index.php?rest_route=\/wp\/v2\/users\/1"}],"replies":[{"embeddable":true,"href":"http:\/\/ck.gminakolno.pl\/index.php?rest_route=%2Fwp%2Fv2%2Fcomments&post=3554"}],"version-history":[{"count":4,"href":"http:\/\/ck.gminakolno.pl\/index.php?rest_route=\/wp\/v2\/pages\/3554\/revisions"}],"predecessor-version":[{"id":3589,"href":"http:\/\/ck.gminakolno.pl\/index.php?rest_route=\/wp\/v2\/pages\/3554\/revisions\/3589"}],"up":[{"embeddable":true,"href":"http:\/\/ck.gminakolno.pl\/index.php?rest_route=\/wp\/v2\/pages\/3549"}],"wp:attachment":[{"href":"http:\/\/ck.gminakolno.pl\/index.php?rest_route=%2Fwp%2Fv2%2Fmedia&parent=3554"}],"curies":[{"name":"wp","href":"https:\/\/api.w.org\/{rel}","templated":true}]}}