{"id":375,"date":"2014-02-08T13:04:29","date_gmt":"2014-02-08T12:04:29","guid":{"rendered":"http:\/\/ck.gminakolno.pl\/?page_id=375"},"modified":"2015-02-10T08:39:33","modified_gmt":"2015-02-10T07:39:33","slug":"zabielanki_owoce13","status":"publish","type":"page","link":"http:\/\/ck.gminakolno.pl\/?page_id=375","title":{"rendered":"Zabielanki z KOK 2013"},"content":{"rendered":"<p>9 marca 2014 roku odby\u0142o si\u0119 rozstrzygni\u0119cie plebiscytu Kolne\u0144skie Owoce Kultury 2013. W tegorocznej edycji, w kategorii Tw\u00f3rca Roku, Owoc otrzyma\u0142 zesp\u00f3\u0142 Zabielanki<br \/>\n<iframe loading=\"lazy\" src=\"http:\/\/www.23hq.com\/23\/slideshow-inline?album_id=19974188&#038;words=f\" frameborder=\"0\" style=\"border:0;\" height=\"400\" width=\"500\"><\/iframe><\/p>\n","protected":false},"excerpt":{"rendered":"<p>9 marca 2014 roku odby\u0142o si\u0119 rozstrzygni\u0119cie plebiscytu Kolne\u0144skie Owoce Kultury 2013. W tegorocznej edycji, w kategorii Tw\u00f3rca Roku, Owoc otrzyma\u0142 zesp\u00f3\u0142 Zabielanki<\/p>\n","protected":false},"author":1,"featured_media":0,"parent":178,"menu_order":0,"comment_status":"closed","ping_status":"closed","template":"","meta":{"jetpack_post_was_ever_published":false,"footnotes":""},"class_list":["post-375","page","type-page","status-publish","hentry"],"jetpack_sharing_enabled":true,"jetpack_shortlink":"https:\/\/wp.me\/P3l35P-63","jetpack-related-posts":[],"_links":{"self":[{"href":"http:\/\/ck.gminakolno.pl\/index.php?rest_route=\/wp\/v2\/pages\/375","targetHints":{"allow":["GET"]}}],"collection":[{"href":"http:\/\/ck.gminakolno.pl\/index.php?rest_route=\/wp\/v2\/pages"}],"about":[{"href":"http:\/\/ck.gminakolno.pl\/index.php?rest_route=\/wp\/v2\/types\/page"}],"author":[{"embeddable":true,"href":"http:\/\/ck.gminakolno.pl\/index.php?rest_route=\/wp\/v2\/users\/1"}],"replies":[{"embeddable":true,"href":"http:\/\/ck.gminakolno.pl\/index.php?rest_route=%2Fwp%2Fv2%2Fcomments&post=375"}],"version-history":[{"count":3,"href":"http:\/\/ck.gminakolno.pl\/index.php?rest_route=\/wp\/v2\/pages\/375\/revisions"}],"predecessor-version":[{"id":1187,"href":"http:\/\/ck.gminakolno.pl\/index.php?rest_route=\/wp\/v2\/pages\/375\/revisions\/1187"}],"up":[{"embeddable":true,"href":"http:\/\/ck.gminakolno.pl\/index.php?rest_route=\/wp\/v2\/pages\/178"}],"wp:attachment":[{"href":"http:\/\/ck.gminakolno.pl\/index.php?rest_route=%2Fwp%2Fv2%2Fmedia&parent=375"}],"curies":[{"name":"wp","href":"https:\/\/api.w.org\/{rel}","templated":true}]}}